{"id":938,"date":"2023-07-16T18:44:29","date_gmt":"2023-07-16T18:44:29","guid":{"rendered":"https:\/\/zimba.com.tr\/?page_id=938"},"modified":"2024-05-27T13:45:46","modified_gmt":"2024-05-27T13:45:46","slug":"what-we-do","status":"publish","type":"page","link":"https:\/\/zimba.com.tr\/tr\/what-we-do\/","title":{"rendered":"Ne Yapar\u0131z"},"content":{"rendered":"\t\t<div data-elementor-type=\"wp-page\" data-elementor-id=\"938\" class=\"elementor elementor-938\" data-elementor-post-type=\"page\">\n\t\t\t\t<div class=\"elementor-element elementor-element-de7aaf3 e-con-full e-flex e-con e-parent\" data-id=\"de7aaf3\" data-element_type=\"container\" data-settings=\"{&quot;background_background&quot;:&quot;gradient&quot;}\">\n\t\t\t\t<div class=\"elementor-element elementor-element-d51b73c elementor-widget elementor-widget-heading\" data-id=\"d51b73c\" data-element_type=\"widget\" data-widget_type=\"heading.default\">\n\t\t\t\t<div class=\"elementor-widget-container\">\n\t\t\t<h2 class=\"elementor-heading-title elementor-size-default\">NE YAPARIZ<\/h2>\t\t<\/div>\n\t\t\t\t<\/div>\n\t\t\t\t<div class=\"elementor-element elementor-element-72b3e7d elementor-widget elementor-widget-text-editor\" data-id=\"72b3e7d\" data-element_type=\"widget\" data-widget_type=\"text-editor.default\">\n\t\t\t\t<div class=\"elementor-widget-container\">\n\t\t\t\t\t\t\tReklam, strateji planlama, tasar\u0131m, markal\u0131 i\u00e7erik, prod\u00fcksiyon,\ndijital medya planlama ve sat\u0131nalma, sosyal medya y\u00f6netimi\nkonusunda birle\u015fik yeteneklere sahip tam hizmet veren reklam\najans\u0131y\u0131z. G\u00fcc\u00fcm\u00fcz; herkesin yapabilece\u011fi gibi bir reklam kampanyas\u0131 yapmak ya da hikaye anlatmakta de\u011fil. G\u00fcc\u00fcm\u00fcz; herkesin hikayeye inanmas\u0131n\u0131 sa\u011flamaktad\u0131r.\t\t\t\t\t\t<\/div>\n\t\t\t\t<\/div>\n\t\t\t\t<\/div>\n\t\t<div class=\"elementor-element elementor-element-15e68e5 e-con-full e-flex e-con e-parent\" data-id=\"15e68e5\" data-element_type=\"container\">\n\t\t<div class=\"elementor-element elementor-element-701aae2 e-con-full e-flex e-con e-child\" data-id=\"701aae2\" data-element_type=\"container\">\n\t\t\t\t<div class=\"elementor-element elementor-element-1d60fea elementor-widget elementor-widget-heading\" data-id=\"1d60fea\" data-element_type=\"widget\" data-widget_type=\"heading.default\">\n\t\t\t\t<div class=\"elementor-widget-container\">\n\t\t\t<h2 class=\"elementor-heading-title elementor-size-default\">REKLAM KAMPANYALARI<\/h2>\t\t<\/div>\n\t\t\t\t<\/div>\n\t\t\t\t<div class=\"elementor-element elementor-element-f291cd7 elementor-widget elementor-widget-text-editor\" data-id=\"f291cd7\" data-element_type=\"widget\" data-widget_type=\"text-editor.default\">\n\t\t\t\t<div class=\"elementor-widget-container\">\n\t\t\t\t\t\t\tZ\u0131mba kurucular\u0131 ve \u00e7al\u0131\u015fanlar\u0131 olarak kendi i\u015fimizi kurmadan \u00f6nce\ndi\u011fer reklam ajanslar\u0131nda bir \u00e7ok \u00f6nemli marka i\u00e7in y\u00fczlerce\nba\u015far\u0131l\u0131 kampanyay\u0131 hayata ge\u00e7irdik. 2008 y\u0131l\u0131ndan beri de Z\u0131mba\nReklam Ajans\u0131 \u00e7at\u0131s\u0131 alt\u0131nda ulusal ve uluslararas\u0131 markalar i\u00e7in etki\nyaratan, b\u00fcy\u00fck ses getiren bir \u00e7ok reklam kampanyas\u0131na imza att\u0131k.\t\t\t\t\t\t<\/div>\n\t\t\t\t<\/div>\n\t\t\t\t<\/div>\n\t\t<div class=\"elementor-element elementor-element-ae29df9 e-con-full e-flex e-con e-child\" data-id=\"ae29df9\" data-element_type=\"container\">\n\t\t\t\t<div class=\"elementor-element elementor-element-dbb7ba0 elementor-widget elementor-widget-heading\" data-id=\"dbb7ba0\" data-element_type=\"widget\" data-widget_type=\"heading.default\">\n\t\t\t\t<div class=\"elementor-widget-container\">\n\t\t\t<h2 class=\"elementor-heading-title elementor-size-default\">TASARIM<\/h2>\t\t<\/div>\n\t\t\t\t<\/div>\n\t\t\t\t<div class=\"elementor-element elementor-element-d1c6dfb elementor-widget elementor-widget-text-editor\" data-id=\"d1c6dfb\" data-element_type=\"widget\" data-widget_type=\"text-editor.default\">\n\t\t\t\t<div class=\"elementor-widget-container\">\n\t\t\t\t\t\t\tReklam grafi\u011fi ve tasar\u0131m\u0131 anlam\u0131nda gerekli donan\u0131ma ve geli\u015fmi\u015f bir estetik zevke sahip ger\u00e7ek yeteneklerle hizmet veriyoruz. Logo&amp;amblem tasar\u0131m\u0131ndan kurumsal kimlik kitab\u0131 tasar\u0131m\u0131na, \u00fcr\u00fcn fikrinden ambalaj tasar\u0131m\u0131na kadar bir markan\u0131n ihtiya\u00e7 duyaca\u011f\u0131 t\u00fcm tasar\u0131m unsurlar\u0131n\u0131 size sunuyoruz.\t\t\t\t\t\t<\/div>\n\t\t\t\t<\/div>\n\t\t\t\t<\/div>\n\t\t<div class=\"elementor-element elementor-element-83897eb e-con-full e-flex e-con e-child\" data-id=\"83897eb\" data-element_type=\"container\">\n\t\t\t\t<div class=\"elementor-element elementor-element-a333f1f elementor-widget elementor-widget-heading\" data-id=\"a333f1f\" data-element_type=\"widget\" data-widget_type=\"heading.default\">\n\t\t\t\t<div class=\"elementor-widget-container\">\n\t\t\t<h2 class=\"elementor-heading-title elementor-size-default\">D\u0130J\u0130TAL\n<\/h2>\t\t<\/div>\n\t\t\t\t<\/div>\n\t\t\t\t<div class=\"elementor-element elementor-element-b8f8046 elementor-widget elementor-widget-text-editor\" data-id=\"b8f8046\" data-element_type=\"widget\" data-widget_type=\"text-editor.default\">\n\t\t\t\t<div class=\"elementor-widget-container\">\n\t\t\t\t\t\t\t<p>Dijital pazarlama hizmetlerimiz aras\u0131nda; Dijital medya stratejisi olu\u015fturma, dijital medya planlama ve sat\u0131n alma, programmatik reklam ara\u00e7lar\u0131n\u0131 etkin kullanma, Meta Ads, Google Ads, sosyal medya y\u00f6netimi, i\u00e7erik pazarlamas\u0131, web tasar\u0131m ve geli\u015ftirme servisleri sunuyoruz.<\/p>\t\t\t\t\t\t<\/div>\n\t\t\t\t<\/div>\n\t\t\t\t<\/div>\n\t\t<div class=\"elementor-element elementor-element-3bf3422 e-con-full e-flex e-con e-child\" data-id=\"3bf3422\" data-element_type=\"container\">\n\t\t\t\t<div class=\"elementor-element elementor-element-8f4dcc5 elementor-widget elementor-widget-heading\" data-id=\"8f4dcc5\" data-element_type=\"widget\" data-widget_type=\"heading.default\">\n\t\t\t\t<div class=\"elementor-widget-container\">\n\t\t\t<h2 class=\"elementor-heading-title elementor-size-default\">SOSYAL<\/h2>\t\t<\/div>\n\t\t\t\t<\/div>\n\t\t\t\t<div class=\"elementor-element elementor-element-5a2e755 elementor-widget elementor-widget-text-editor\" data-id=\"5a2e755\" data-element_type=\"widget\" data-widget_type=\"text-editor.default\">\n\t\t\t\t<div class=\"elementor-widget-container\">\n\t\t\t\t\t\t\tG\u00fcnl\u00fck topluluk y\u00f6netimi, i\u00e7erik stratejisi ve i\u00e7erik geli\u015ftirme, sosyal medya analizi, raporlama dahil olmak \u00fczere etki yaratan sosyal medya y\u00f6netimi hizmeti sunuyoruz.\t\t\t\t\t\t<\/div>\n\t\t\t\t<\/div>\n\t\t\t\t<\/div>\n\t\t<div class=\"elementor-element elementor-element-ab08b42 e-con-full e-flex e-con e-child\" data-id=\"ab08b42\" data-element_type=\"container\">\n\t\t\t\t<div class=\"elementor-element elementor-element-cfaa801 elementor-widget elementor-widget-heading\" data-id=\"cfaa801\" data-element_type=\"widget\" data-widget_type=\"heading.default\">\n\t\t\t\t<div class=\"elementor-widget-container\">\n\t\t\t<h2 class=\"elementor-heading-title elementor-size-default\">MOTION GRAPHIC\n<\/h2>\t\t<\/div>\n\t\t\t\t<\/div>\n\t\t\t\t<div class=\"elementor-element elementor-element-7aed253 elementor-widget elementor-widget-text-editor\" data-id=\"7aed253\" data-element_type=\"widget\" data-widget_type=\"text-editor.default\">\n\t\t\t\t<div class=\"elementor-widget-container\">\n\t\t\t\t\t\t\t<p>Konsept geli\u015ftirme, tasar\u0131m, 2D, 3D ve stop motion animasyon dahil olmak \u00fczere hareketli grafik tasar\u0131m\u0131 ve animasyon hizmeti sunuyoruz.<\/p>\t\t\t\t\t\t<\/div>\n\t\t\t\t<\/div>\n\t\t\t\t<\/div>\n\t\t<div class=\"elementor-element elementor-element-eecfdef e-con-full e-flex e-con e-child\" data-id=\"eecfdef\" data-element_type=\"container\">\n\t\t\t\t<div class=\"elementor-element elementor-element-8f2d668 elementor-widget elementor-widget-heading\" data-id=\"8f2d668\" data-element_type=\"widget\" data-widget_type=\"heading.default\">\n\t\t\t\t<div class=\"elementor-widget-container\">\n\t\t\t<h2 class=\"elementor-heading-title elementor-size-default\">PROD\u00dcKS\u0130YON<\/h2>\t\t<\/div>\n\t\t\t\t<\/div>\n\t\t\t\t<div class=\"elementor-element elementor-element-3aa4d02 elementor-widget elementor-widget-text-editor\" data-id=\"3aa4d02\" data-element_type=\"widget\" data-widget_type=\"text-editor.default\">\n\t\t\t\t<div class=\"elementor-widget-container\">\n\t\t\t\t\t\t\t\u0130yi bir fikre sahip olmak kadar, o fikri en iyi \u015fekilde hayata ge\u00e7irmenin de yine o kadar \u00f6nemli oldu\u011funu d\u00fc\u015f\u00fcn\u00fcyoruz. Uzun y\u0131llard\u0131r reklamc\u0131 olmam\u0131z\u0131n avantaj\u0131yla hangi Fikri, kimin daha iyi hayata ge\u00e7irece\u011fini \u00e7ok iyi biliyoruz. Bu sebeple prod\u00fcksiyon, post prod\u00fcksiyon, seslendirme, m\u00fczik ve bask\u0131 i\u015flerimizide, konusunda en yeteneklilerle \u00e7al\u0131\u015f\u0131yoruz. \t\t\t\t\t\t<\/div>\n\t\t\t\t<\/div>\n\t\t\t\t<\/div>\n\t\t\t\t<\/div>\n\t\t\t\t<\/div>\n\t\t","protected":false},"excerpt":{"rendered":"<p>NE YAPARIZ Reklam, strateji planlama, tasar\u0131m, markal\u0131 i\u00e7erik, prod\u00fcksiyon, dijital medya planlama ve sat\u0131nalma, sosyal medya y\u00f6netimi konusunda birle\u015fik yeteneklere sahip tam hizmet veren reklam ajans\u0131y\u0131z. G\u00fcc\u00fcm\u00fcz; herkesin yapabilece\u011fi gibi bir reklam kampanyas\u0131 yapmak ya da hikaye anlatmakta de\u011fil. G\u00fcc\u00fcm\u00fcz; herkesin hikayeye inanmas\u0131n\u0131 sa\u011flamaktad\u0131r. REKLAM KAMPANYALARI Z\u0131mba kurucular\u0131 ve \u00e7al\u0131\u015fanlar\u0131 olarak kendi i\u015fimizi kurmadan \u00f6nce [&hellip;]<\/p>\n","protected":false},"author":1,"featured_media":0,"parent":0,"menu_order":0,"comment_status":"closed","ping_status":"closed","template":"elementor_header_footer","meta":{"footnotes":""},"class_list":["post-938","page","type-page","status-publish","hentry"],"_links":{"self":[{"href":"https:\/\/zimba.com.tr\/tr\/wp-json\/wp\/v2\/pages\/938","targetHints":{"allow":["GET"]}}],"collection":[{"href":"https:\/\/zimba.com.tr\/tr\/wp-json\/wp\/v2\/pages"}],"about":[{"href":"https:\/\/zimba.com.tr\/tr\/wp-json\/wp\/v2\/types\/page"}],"author":[{"embeddable":true,"href":"https:\/\/zimba.com.tr\/tr\/wp-json\/wp\/v2\/users\/1"}],"replies":[{"embeddable":true,"href":"https:\/\/zimba.com.tr\/tr\/wp-json\/wp\/v2\/comments?post=938"}],"version-history":[{"count":8,"href":"https:\/\/zimba.com.tr\/tr\/wp-json\/wp\/v2\/pages\/938\/revisions"}],"predecessor-version":[{"id":977,"href":"https:\/\/zimba.com.tr\/tr\/wp-json\/wp\/v2\/pages\/938\/revisions\/977"}],"wp:attachment":[{"href":"https:\/\/zimba.com.tr\/tr\/wp-json\/wp\/v2\/media?parent=938"}],"curies":[{"name":"wp","href":"https:\/\/api.w.org\/{rel}","templated":true}]}}