{"id":932,"date":"2023-07-16T18:45:06","date_gmt":"2023-07-16T18:45:06","guid":{"rendered":"https:\/\/zimba.com.tr\/?page_id=932"},"modified":"2023-09-11T18:32:10","modified_gmt":"2023-09-11T18:32:10","slug":"about-us","status":"publish","type":"page","link":"https:\/\/zimba.com.tr\/tr\/about-us\/","title":{"rendered":"Hakk\u0131m\u0131zda"},"content":{"rendered":"\t\t<div data-elementor-type=\"wp-page\" data-elementor-id=\"932\" class=\"elementor elementor-932\" data-elementor-post-type=\"page\">\n\t\t\t\t<div class=\"elementor-element elementor-element-006de88 e-con-full e-flex e-con e-parent\" data-id=\"006de88\" data-element_type=\"container\" data-settings=\"{&quot;background_background&quot;:&quot;gradient&quot;}\">\n\t\t\t\t<div class=\"elementor-element elementor-element-5c981eb elementor-widget elementor-widget-heading\" data-id=\"5c981eb\" data-element_type=\"widget\" data-widget_type=\"heading.default\">\n\t\t\t\t<div class=\"elementor-widget-container\">\n\t\t\t<h2 class=\"elementor-heading-title elementor-size-default\">ZORLUK; H\u0130KAYEY\u0130 ANLATMAKTA DE\u011e\u0130L <\/br>\nHERKES\u0130N H\u0130KAYEYE \u0130NANMASINI SA\u011eLAMAKTADIR.<\/h2>\t\t<\/div>\n\t\t\t\t<\/div>\n\t\t\t\t<\/div>\n\t\t<div class=\"elementor-element elementor-element-4292b10 e-con-full e-flex e-con e-parent\" data-id=\"4292b10\" data-element_type=\"container\">\n\t\t<div class=\"elementor-element elementor-element-9cb6e6f e-con-full e-flex e-con e-child\" data-id=\"9cb6e6f\" data-element_type=\"container\">\n\t\t\t\t<div class=\"elementor-element elementor-element-529e810 elementor-widget elementor-widget-heading\" data-id=\"529e810\" data-element_type=\"widget\" data-widget_type=\"heading.default\">\n\t\t\t\t<div class=\"elementor-widget-container\">\n\t\t\t<h2 class=\"elementor-heading-title elementor-size-default\">KURUCUMUZ<\/h2>\t\t<\/div>\n\t\t\t\t<\/div>\n\t\t\t\t<div class=\"elementor-element elementor-element-14e663f elementor-widget elementor-widget-image\" data-id=\"14e663f\" data-element_type=\"widget\" data-widget_type=\"image.default\">\n\t\t\t\t<div class=\"elementor-widget-container\">\n\t\t\t\t\t\t\t\t\t\t\t\t\t<img fetchpriority=\"high\" decoding=\"async\" width=\"300\" height=\"300\" src=\"https:\/\/zimba.com.tr\/wp-content\/uploads\/2023\/07\/ramazan_foto-2-300x300-1.png\" class=\"attachment-large size-large wp-image-282\" alt=\"\" srcset=\"https:\/\/zimba.com.tr\/wp-content\/uploads\/2023\/07\/ramazan_foto-2-300x300-1.png 300w, https:\/\/zimba.com.tr\/wp-content\/uploads\/2023\/07\/ramazan_foto-2-300x300-1-150x150.png 150w\" sizes=\"(max-width: 300px) 100vw, 300px\" \/>\t\t\t\t\t\t\t\t\t\t\t\t\t<\/div>\n\t\t\t\t<\/div>\n\t\t\t\t<div class=\"elementor-element elementor-element-53823e5 elementor-widget elementor-widget-text-editor\" data-id=\"53823e5\" data-element_type=\"widget\" data-widget_type=\"text-editor.default\">\n\t\t\t\t<div class=\"elementor-widget-container\">\n\t\t\t\t\t\t\tKurucumuz daha \u00fcniversitede okurken o d\u00f6nemde T\u00fcrkiye\u2019nin en b\u00fcy\u00fck yabanc\u0131 ortakl\u0131 reklam ajans\u0131nda reklam yazar\u0131 olarak i\u015fe ba\u015flad\u0131. Bu ajansta ve ba\u015fka ajanslarda bir \u00e7ok ulusal ve uluslararas\u0131 markaya hizmet verdi. Bu markalar i\u00e7in ba\u015far\u0131l\u0131 kampanyalara imza att\u0131. 2008 y\u0131l\u0131nda Z\u0131mba Reklam Ajans\u0131\u2019n\u0131\nkurdu. Z\u0131mba\u2019da kreatif direkt\u00f6r ve reklam yazar\u0131 olarak ekibiyle\nbirlikte markalar i\u00e7in heyecanlanmaya devam ediyor.\t\t\t\t\t\t<\/div>\n\t\t\t\t<\/div>\n\t\t\t\t<\/div>\n\t\t<div class=\"elementor-element elementor-element-78698b4 e-con-full e-flex e-con e-child\" data-id=\"78698b4\" data-element_type=\"container\" data-settings=\"{&quot;background_background&quot;:&quot;classic&quot;}\">\n\t\t\t\t<div class=\"elementor-element elementor-element-d2055af elementor-widget elementor-widget-image\" data-id=\"d2055af\" data-element_type=\"widget\" data-widget_type=\"image.default\">\n\t\t\t\t<div class=\"elementor-widget-container\">\n\t\t\t\t\t\t\t\t\t\t\t\t\t<img decoding=\"async\" width=\"500\" height=\"500\" src=\"https:\/\/zimba.com.tr\/wp-content\/uploads\/2023\/07\/about_us_hand2_0002_Katman-0.jpg\" class=\"attachment-large size-large wp-image-297\" alt=\"\" srcset=\"https:\/\/zimba.com.tr\/wp-content\/uploads\/2023\/07\/about_us_hand2_0002_Katman-0.jpg 500w, https:\/\/zimba.com.tr\/wp-content\/uploads\/2023\/07\/about_us_hand2_0002_Katman-0-300x300.jpg 300w, https:\/\/zimba.com.tr\/wp-content\/uploads\/2023\/07\/about_us_hand2_0002_Katman-0-150x150.jpg 150w\" sizes=\"(max-width: 500px) 100vw, 500px\" \/>\t\t\t\t\t\t\t\t\t\t\t\t\t<\/div>\n\t\t\t\t<\/div>\n\t\t\t\t<\/div>\n\t\t<div class=\"elementor-element elementor-element-eeaf561 e-con-full e-flex e-con e-child\" data-id=\"eeaf561\" data-element_type=\"container\">\n\t\t\t\t<div class=\"elementor-element elementor-element-f5f8269 elementor-widget elementor-widget-heading\" data-id=\"f5f8269\" data-element_type=\"widget\" data-widget_type=\"heading.default\">\n\t\t\t\t<div class=\"elementor-widget-container\">\n\t\t\t<h2 class=\"elementor-heading-title elementor-size-default\">HAKKIMIZDA<\/h2>\t\t<\/div>\n\t\t\t\t<\/div>\n\t\t\t\t<div class=\"elementor-element elementor-element-a80db36 elementor-widget elementor-widget-image\" data-id=\"a80db36\" data-element_type=\"widget\" data-widget_type=\"image.default\">\n\t\t\t\t<div class=\"elementor-widget-container\">\n\t\t\t\t\t\t\t\t\t\t\t\t\t<img decoding=\"async\" width=\"300\" height=\"300\" src=\"https:\/\/zimba.com.tr\/wp-content\/uploads\/2023\/07\/ajans_foto_2-300x300-1.png\" class=\"attachment-large size-large wp-image-314\" alt=\"\" srcset=\"https:\/\/zimba.com.tr\/wp-content\/uploads\/2023\/07\/ajans_foto_2-300x300-1.png 300w, https:\/\/zimba.com.tr\/wp-content\/uploads\/2023\/07\/ajans_foto_2-300x300-1-150x150.png 150w\" sizes=\"(max-width: 300px) 100vw, 300px\" \/>\t\t\t\t\t\t\t\t\t\t\t\t\t<\/div>\n\t\t\t\t<\/div>\n\t\t\t\t<div class=\"elementor-element elementor-element-e2ccc5f elementor-widget elementor-widget-text-editor\" data-id=\"e2ccc5f\" data-element_type=\"widget\" data-widget_type=\"text-editor.default\">\n\t\t\t\t<div class=\"elementor-widget-container\">\n\t\t\t\t\t\t\t<p>Marka, kollektif bir hayal g\u00fcc\u00fcn\u00fcn \u00fcr\u00fcn\u00fcd\u00fcr.<br \/>\u0130nsanlara marka ile ilgili ne kadar etkili hikayeler anlat\u0131p onlar\u0131n bu<br \/>hikaye etraf\u0131nda toplan\u0131p marka fikrine inanmalar\u0131n\u0131 sa\u011flarsan\u0131z,<br \/>marka o kadar g\u00fc\u00e7l\u00fc olur.<br \/>Etkili bir hikayesi olan marka, ku\u015faktan ku\u015fa\u011fa devam eden<br \/>\u00f6nemli bir g\u00fcce sahip olur. \u0130\u015fte bu y\u00fczden etkili hikayeler<br \/>anlatmak kolay de\u011fildir. Siz de markan\u0131z\u0131n etkili bir hikayeye sahip<br \/>olmas\u0131n\u0131 istiyorsan\u0131z, l\u00fctfen bizimle temasa ge\u00e7in.<\/p>\t\t\t\t\t\t<\/div>\n\t\t\t\t<\/div>\n\t\t\t\t<\/div>\n\t\t<div class=\"elementor-element elementor-element-cac386b e-con-full e-flex e-con e-child\" data-id=\"cac386b\" data-element_type=\"container\" data-settings=\"{&quot;background_background&quot;:&quot;classic&quot;}\">\n\t\t\t\t<div class=\"elementor-element elementor-element-7f9301e elementor-widget elementor-widget-image\" data-id=\"7f9301e\" data-element_type=\"widget\" data-widget_type=\"image.default\">\n\t\t\t\t<div class=\"elementor-widget-container\">\n\t\t\t\t\t\t\t\t\t\t\t\t\t<img loading=\"lazy\" decoding=\"async\" width=\"500\" height=\"500\" src=\"https:\/\/zimba.com.tr\/wp-content\/uploads\/2023\/07\/about_us_hand2_0000_Katman-2.jpg\" class=\"attachment-large size-large wp-image-301\" alt=\"\" srcset=\"https:\/\/zimba.com.tr\/wp-content\/uploads\/2023\/07\/about_us_hand2_0000_Katman-2.jpg 500w, https:\/\/zimba.com.tr\/wp-content\/uploads\/2023\/07\/about_us_hand2_0000_Katman-2-300x300.jpg 300w, https:\/\/zimba.com.tr\/wp-content\/uploads\/2023\/07\/about_us_hand2_0000_Katman-2-150x150.jpg 150w\" sizes=\"(max-width: 500px) 100vw, 500px\" \/>\t\t\t\t\t\t\t\t\t\t\t\t\t<\/div>\n\t\t\t\t<\/div>\n\t\t\t\t<\/div>\n\t\t<div class=\"elementor-element elementor-element-a90c411 e-con-full e-flex e-con e-child\" data-id=\"a90c411\" data-element_type=\"container\">\n\t\t\t\t<div class=\"elementor-element elementor-element-49c682a elementor-widget elementor-widget-heading\" data-id=\"49c682a\" data-element_type=\"widget\" data-widget_type=\"heading.default\">\n\t\t\t\t<div class=\"elementor-widget-container\">\n\t\t\t<h2 class=\"elementor-heading-title elementor-size-default\">B\u0130Z K\u0130M\u0130Z<\/h2>\t\t<\/div>\n\t\t\t\t<\/div>\n\t\t\t\t<div class=\"elementor-element elementor-element-735dad3 elementor-widget elementor-widget-image\" data-id=\"735dad3\" data-element_type=\"widget\" data-widget_type=\"image.default\">\n\t\t\t\t<div class=\"elementor-widget-container\">\n\t\t\t\t\t\t\t\t\t\t\t\t\t<img loading=\"lazy\" decoding=\"async\" width=\"300\" height=\"300\" src=\"https:\/\/zimba.com.tr\/wp-content\/uploads\/2023\/07\/ajans_foto_1-300x300-1.png\" class=\"attachment-large size-large wp-image-313\" alt=\"\" srcset=\"https:\/\/zimba.com.tr\/wp-content\/uploads\/2023\/07\/ajans_foto_1-300x300-1.png 300w, https:\/\/zimba.com.tr\/wp-content\/uploads\/2023\/07\/ajans_foto_1-300x300-1-150x150.png 150w\" sizes=\"(max-width: 300px) 100vw, 300px\" \/>\t\t\t\t\t\t\t\t\t\t\t\t\t<\/div>\n\t\t\t\t<\/div>\n\t\t\t\t<div class=\"elementor-element elementor-element-ecca677 elementor-widget elementor-widget-text-editor\" data-id=\"ecca677\" data-element_type=\"widget\" data-widget_type=\"text-editor.default\">\n\t\t\t\t<div class=\"elementor-widget-container\">\n\t\t\t\t\t\t\tBiz; marka problemleri i\u00e7in stratejileri \u00e7izen ve bu stratejileri yarat\u0131c\u0131 fikre d\u00f6n\u00fc\u015ft\u00fcr\u00fcp marka etraf\u0131nda etkili hikayeler olu\u015ftururuz. Bu hikayeleri markan\u0131n m\u00fc\u015fterilerine aktarmak i\u00e7in edebiyattan m\u00fczi\u011fe, sinemadan tasar\u0131ma, teknolojiden matemati\u011fe \u00e7e\u015fitli disiplinlerden faydalanan bir grup yazar,\nstratejist, tasar\u0131mc\u0131, yarat\u0131c\u0131 teknoloji uzman\u0131 hikaye anlat\u0131c\u0131lar\u0131 ve k\u00fclt\u00fcr d\u00f6n\u00fc\u015ft\u00fcr\u00fcc\u00fcleriyiz.\t\t\t\t\t\t<\/div>\n\t\t\t\t<\/div>\n\t\t\t\t<\/div>\n\t\t<div class=\"elementor-element elementor-element-2e8ff69 e-con-full e-flex e-con e-child\" data-id=\"2e8ff69\" data-element_type=\"container\" data-settings=\"{&quot;background_background&quot;:&quot;classic&quot;}\">\n\t\t\t\t<div class=\"elementor-element elementor-element-29b09fe elementor-widget elementor-widget-image\" data-id=\"29b09fe\" data-element_type=\"widget\" data-widget_type=\"image.default\">\n\t\t\t\t<div class=\"elementor-widget-container\">\n\t\t\t\t\t\t\t\t\t\t\t\t\t<img loading=\"lazy\" decoding=\"async\" width=\"500\" height=\"500\" src=\"https:\/\/zimba.com.tr\/wp-content\/uploads\/2023\/07\/about_us_hand2_0001_Katman-1.jpg\" class=\"attachment-large size-large wp-image-302\" alt=\"\" srcset=\"https:\/\/zimba.com.tr\/wp-content\/uploads\/2023\/07\/about_us_hand2_0001_Katman-1.jpg 500w, https:\/\/zimba.com.tr\/wp-content\/uploads\/2023\/07\/about_us_hand2_0001_Katman-1-300x300.jpg 300w, https:\/\/zimba.com.tr\/wp-content\/uploads\/2023\/07\/about_us_hand2_0001_Katman-1-150x150.jpg 150w\" sizes=\"(max-width: 500px) 100vw, 500px\" \/>\t\t\t\t\t\t\t\t\t\t\t\t\t<\/div>\n\t\t\t\t<\/div>\n\t\t\t\t<\/div>\n\t\t\t\t<\/div>\n\t\t\t\t<\/div>\n\t\t","protected":false},"excerpt":{"rendered":"<p>ZORLUK; H\u0130KAYEY\u0130 ANLATMAKTA DE\u011e\u0130L HERKES\u0130N H\u0130KAYEYE \u0130NANMASINI SA\u011eLAMAKTADIR. KURUCUMUZ Kurucumuz daha \u00fcniversitede okurken o d\u00f6nemde T\u00fcrkiye\u2019nin en b\u00fcy\u00fck yabanc\u0131 ortakl\u0131 reklam ajans\u0131nda reklam yazar\u0131 olarak i\u015fe ba\u015flad\u0131. Bu ajansta ve ba\u015fka ajanslarda bir \u00e7ok ulusal ve uluslararas\u0131 markaya hizmet verdi. Bu markalar i\u00e7in ba\u015far\u0131l\u0131 kampanyalara imza att\u0131. 2008 y\u0131l\u0131nda Z\u0131mba Reklam Ajans\u0131\u2019n\u0131 kurdu. Z\u0131mba\u2019da kreatif [&hellip;]<\/p>\n","protected":false},"author":1,"featured_media":0,"parent":0,"menu_order":0,"comment_status":"closed","ping_status":"closed","template":"elementor_header_footer","meta":{"footnotes":""},"class_list":["post-932","page","type-page","status-publish","hentry"],"_links":{"self":[{"href":"https:\/\/zimba.com.tr\/tr\/wp-json\/wp\/v2\/pages\/932","targetHints":{"allow":["GET"]}}],"collection":[{"href":"https:\/\/zimba.com.tr\/tr\/wp-json\/wp\/v2\/pages"}],"about":[{"href":"https:\/\/zimba.com.tr\/tr\/wp-json\/wp\/v2\/types\/page"}],"author":[{"embeddable":true,"href":"https:\/\/zimba.com.tr\/tr\/wp-json\/wp\/v2\/users\/1"}],"replies":[{"embeddable":true,"href":"https:\/\/zimba.com.tr\/tr\/wp-json\/wp\/v2\/comments?post=932"}],"version-history":[{"count":5,"href":"https:\/\/zimba.com.tr\/tr\/wp-json\/wp\/v2\/pages\/932\/revisions"}],"predecessor-version":[{"id":948,"href":"https:\/\/zimba.com.tr\/tr\/wp-json\/wp\/v2\/pages\/932\/revisions\/948"}],"wp:attachment":[{"href":"https:\/\/zimba.com.tr\/tr\/wp-json\/wp\/v2\/media?parent=932"}],"curies":[{"name":"wp","href":"https:\/\/api.w.org\/{rel}","templated":true}]}}