{"id":1007,"date":"2023-07-16T18:44:48","date_gmt":"2023-07-16T18:44:48","guid":{"rendered":"https:\/\/zimba.com.tr\/iletisim\/"},"modified":"2023-07-16T18:44:48","modified_gmt":"2023-07-16T18:44:48","slug":"iletisim","status":"publish","type":"page","link":"https:\/\/zimba.com.tr\/tr\/iletisim\/","title":{"rendered":"\u0130leti\u015fim"},"content":{"rendered":"\t\t<div data-elementor-type=\"wp-page\" data-elementor-id=\"1007\" class=\"elementor elementor-1007\" data-elementor-post-type=\"page\">\n\t\t\t\t<div class=\"elementor-element elementor-element-5403d97 e-con-full e-flex e-con e-parent\" data-id=\"5403d97\" data-element_type=\"container\" data-settings=\"{&quot;background_background&quot;:&quot;gradient&quot;}\">\n\t\t\t\t<div class=\"elementor-element elementor-element-d1d19af elementor-widget elementor-widget-heading\" data-id=\"d1d19af\" data-element_type=\"widget\" data-widget_type=\"heading.default\">\n\t\t\t\t<div class=\"elementor-widget-container\">\n\t\t\t<h2 class=\"elementor-heading-title elementor-size-default\">let's talk<\/h2>\t\t<\/div>\n\t\t\t\t<\/div>\n\t\t\t\t<\/div>\n\t\t<div class=\"elementor-element elementor-element-d262514 e-con-full e-flex e-con e-parent\" data-id=\"d262514\" data-element_type=\"container\">\n\t\t<div class=\"elementor-element elementor-element-5f88e3d e-con-full e-flex e-con e-child\" data-id=\"5f88e3d\" data-element_type=\"container\">\n\t\t\t\t<div class=\"elementor-element elementor-element-0818a85 elementor-widget elementor-widget-google_maps\" data-id=\"0818a85\" data-element_type=\"widget\" data-widget_type=\"google_maps.default\">\n\t\t\t\t<div class=\"elementor-widget-container\">\n\t\t\t\t\t<div class=\"elementor-custom-embed\">\n\t\t\t<iframe loading=\"lazy\"\n\t\t\t\t\tsrc=\"https:\/\/maps.google.com\/maps?q=Sultan%20Selim%2C%20Z%C4%B1mba%20Reklam%20Ajans%C4%B1%2C%20Ka%C4%9F%C4%B1thane%2FK%C3%A2%C4%9F%C4%B1thane%2F%C4%B0stanbul%2C%20T%C3%BCrkiye&#038;t=m&#038;z=14&#038;output=embed&#038;iwloc=near\"\n\t\t\t\t\ttitle=\"Sultan Selim, Z\u0131mba Reklam Ajans\u0131, Ka\u011f\u0131thane\/K\u00e2\u011f\u0131thane\/\u0130stanbul, T\u00fcrkiye\"\n\t\t\t\t\taria-label=\"Sultan Selim, Z\u0131mba Reklam Ajans\u0131, Ka\u011f\u0131thane\/K\u00e2\u011f\u0131thane\/\u0130stanbul, T\u00fcrkiye\"\n\t\t\t><\/iframe>\n\t\t<\/div>\n\t\t\t\t<\/div>\n\t\t\t\t<\/div>\n\t\t\t\t<\/div>\n\t\t<div class=\"elementor-element elementor-element-d1efaab e-con-full e-flex e-con e-child\" data-id=\"d1efaab\" data-element_type=\"container\" data-settings=\"{&quot;background_background&quot;:&quot;classic&quot;}\">\n\t\t\t\t<div class=\"elementor-element elementor-element-c6eae3d elementor-widget elementor-widget-heading\" data-id=\"c6eae3d\" data-element_type=\"widget\" data-widget_type=\"heading.default\">\n\t\t\t\t<div class=\"elementor-widget-container\">\n\t\t\t<h2 class=\"elementor-heading-title elementor-size-default\">WE ARE HERE\n<\/h2>\t\t<\/div>\n\t\t\t\t<\/div>\n\t\t\t\t<div class=\"elementor-element elementor-element-6aa739a elementor-widget elementor-widget-heading\" data-id=\"6aa739a\" data-element_type=\"widget\" data-widget_type=\"heading.default\">\n\t\t\t\t<div class=\"elementor-widget-container\">\n\t\t\t<h3 class=\"elementor-heading-title elementor-size-default\"><a href=\"https:\/\/www.google.com\/maps\/place\/Z%C4%B1mba+Reklam+Ajans%C4%B1\/@41.092877,28.9997431,17z\/data=!3m1!4b1!4m6!3m5!1s0x14cab67db3569363:0xc0cb890095768f57!8m2!3d41.092873!4d29.002318!16s%2Fg%2F11g81ct9fn?shorturl=1\">ZIMBA REKLAM SANAY\u0130 VE T\u0130CARET L\u0130M\u0130TED \u015e\u0130RKET\u0130<\/a><\/h3>\t\t<\/div>\n\t\t\t\t<\/div>\n\t\t\t\t<div class=\"elementor-element elementor-element-22fd720 elementor-widget elementor-widget-heading\" data-id=\"22fd720\" data-element_type=\"widget\" data-widget_type=\"heading.default\">\n\t\t\t\t<div class=\"elementor-widget-container\">\n\t\t\t<h3 class=\"elementor-heading-title elementor-size-default\"><a href=\"https:\/\/www.google.com\/maps\/place\/Z%C4%B1mba+Reklam+Ajans%C4%B1\/@41.092877,28.9997431,17z\/data=!3m1!4b1!4m6!3m5!1s0x14cab67db3569363:0xc0cb890095768f57!8m2!3d41.092873!4d29.002318!16s%2Fg%2F11g81ct9fn?shorturl=1\">Sultan Selim Cad. Turan Sok. G\u00fcnay Plaza No:25 Kat:5\n4.Levent \u2013 \u0130stanbul \/ T\u00fcrkiye<\/a><\/h3>\t\t<\/div>\n\t\t\t\t<\/div>\n\t\t\t\t<div class=\"elementor-element elementor-element-4378151 elementor-widget elementor-widget-heading\" data-id=\"4378151\" data-element_type=\"widget\" data-widget_type=\"heading.default\">\n\t\t\t\t<div class=\"elementor-widget-container\">\n\t\t\t<h3 class=\"elementor-heading-title elementor-size-default\"><a href=\"tel:+902122692282\">0 (212) 269 22 82<\/a><\/h3>\t\t<\/div>\n\t\t\t\t<\/div>\n\t\t\t\t<\/div>\n\t\t\t\t<\/div>\n\t\t<div class=\"elementor-element elementor-element-7b80cfa e-con-full e-flex e-con e-parent\" data-id=\"7b80cfa\" data-element_type=\"container\" data-settings=\"{&quot;background_background&quot;:&quot;classic&quot;}\">\n\t\t\t\t<div class=\"elementor-element elementor-element-84bc43f elementor-shape-circle elementor-grid-0 e-grid-align-center elementor-widget elementor-widget-social-icons\" data-id=\"84bc43f\" data-element_type=\"widget\" data-widget_type=\"social-icons.default\">\n\t\t\t\t<div class=\"elementor-widget-container\">\n\t\t\t\t\t<div class=\"elementor-social-icons-wrapper elementor-grid\">\n\t\t\t\t\t\t\t<span class=\"elementor-grid-item\">\n\t\t\t\t\t<a class=\"elementor-icon elementor-social-icon elementor-social-icon-facebook elementor-repeater-item-c406c54\" href=\"https:\/\/www.facebook.com\/ZimbaReklam\" target=\"_blank\">\n\t\t\t\t\t\t<span class=\"elementor-screen-only\">Facebook<\/span>\n\t\t\t\t\t\t<i class=\"fab fa-facebook\"><\/i>\t\t\t\t\t<\/a>\n\t\t\t\t<\/span>\n\t\t\t\t\t\t\t<span class=\"elementor-grid-item\">\n\t\t\t\t\t<a class=\"elementor-icon elementor-social-icon elementor-social-icon-twitter elementor-repeater-item-c6f0410\" href=\"https:\/\/twitter.com\/zimbareklam\" target=\"_blank\">\n\t\t\t\t\t\t<span class=\"elementor-screen-only\">Twitter<\/span>\n\t\t\t\t\t\t<i class=\"fab fa-twitter\"><\/i>\t\t\t\t\t<\/a>\n\t\t\t\t<\/span>\n\t\t\t\t\t\t\t<span class=\"elementor-grid-item\">\n\t\t\t\t\t<a class=\"elementor-icon elementor-social-icon elementor-social-icon-instagram elementor-repeater-item-46db385\" href=\"https:\/\/www.instagram.com\/zimbareklam\/\" target=\"_blank\">\n\t\t\t\t\t\t<span class=\"elementor-screen-only\">Instagram<\/span>\n\t\t\t\t\t\t<i class=\"fab fa-instagram\"><\/i>\t\t\t\t\t<\/a>\n\t\t\t\t<\/span>\n\t\t\t\t\t\t\t<span class=\"elementor-grid-item\">\n\t\t\t\t\t<a class=\"elementor-icon elementor-social-icon elementor-social-icon-linkedin elementor-repeater-item-b8df531\" href=\"https:\/\/www.linkedin.com\/company\/z%C4%B1mba-advertising-agency\" target=\"_blank\">\n\t\t\t\t\t\t<span class=\"elementor-screen-only\">Linkedin<\/span>\n\t\t\t\t\t\t<i class=\"fab fa-linkedin\"><\/i>\t\t\t\t\t<\/a>\n\t\t\t\t<\/span>\n\t\t\t\t\t\t\t<span class=\"elementor-grid-item\">\n\t\t\t\t\t<a class=\"elementor-icon elementor-social-icon elementor-social-icon-youtube elementor-repeater-item-3236a66\" href=\"https:\/\/www.youtube.com\/channel\/UCl-2QVUke0l0cOb7Kzbf7pw\" target=\"_blank\">\n\t\t\t\t\t\t<span class=\"elementor-screen-only\">Youtube<\/span>\n\t\t\t\t\t\t<i class=\"fab fa-youtube\"><\/i>\t\t\t\t\t<\/a>\n\t\t\t\t<\/span>\n\t\t\t\t\t\t\t<span class=\"elementor-grid-item\">\n\t\t\t\t\t<a class=\"elementor-icon elementor-social-icon elementor-social-icon-vimeo elementor-repeater-item-6114ed7\" href=\"https:\/\/vimeo.com\/zimbareklam\" target=\"_blank\">\n\t\t\t\t\t\t<span class=\"elementor-screen-only\">Vimeo<\/span>\n\t\t\t\t\t\t<i class=\"fab fa-vimeo\"><\/i>\t\t\t\t\t<\/a>\n\t\t\t\t<\/span>\n\t\t\t\t\t<\/div>\n\t\t\t\t<\/div>\n\t\t\t\t<\/div>\n\t\t\t\t<\/div>\n\t\t\t\t<\/div>\n\t\t","protected":false},"excerpt":{"rendered":"<p>\u0130leti\u015fim BURADAYIZ ZIMBA REKLAM SANAY\u0130 VE T\u0130CARET L\u0130M\u0130TED \u015e\u0130RKET\u0130 Sultan Selim Cad. Turan Sok. G\u00fcnay Plaza No:25 Kat:5 4.Levent \u2013 \u0130stanbul \/ T\u00fcrkiye 0 (212) 269 22 82 Facebook Twitter Instagram Linkedin Youtube Vimeo<\/p>\n","protected":false},"author":1,"featured_media":0,"parent":0,"menu_order":0,"comment_status":"closed","ping_status":"closed","template":"elementor_canvas","meta":{"footnotes":""},"class_list":["post-1007","page","type-page","status-publish","hentry"],"_links":{"self":[{"href":"https:\/\/zimba.com.tr\/tr\/wp-json\/wp\/v2\/pages\/1007","targetHints":{"allow":["GET"]}}],"collection":[{"href":"https:\/\/zimba.com.tr\/tr\/wp-json\/wp\/v2\/pages"}],"about":[{"href":"https:\/\/zimba.com.tr\/tr\/wp-json\/wp\/v2\/types\/page"}],"author":[{"embeddable":true,"href":"https:\/\/zimba.com.tr\/tr\/wp-json\/wp\/v2\/users\/1"}],"replies":[{"embeddable":true,"href":"https:\/\/zimba.com.tr\/tr\/wp-json\/wp\/v2\/comments?post=1007"}],"version-history":[{"count":0,"href":"https:\/\/zimba.com.tr\/tr\/wp-json\/wp\/v2\/pages\/1007\/revisions"}],"wp:attachment":[{"href":"https:\/\/zimba.com.tr\/tr\/wp-json\/wp\/v2\/media?parent=1007"}],"curies":[{"name":"wp","href":"https:\/\/api.w.org\/{rel}","templated":true}]}}